{"id":326,"date":"2016-01-29T08:38:07","date_gmt":"2016-01-29T07:38:07","guid":{"rendered":"https:\/\/arc-sa.ch\/?page_id=326"},"modified":"2023-10-02T11:55:10","modified_gmt":"2023-10-02T09:55:10","slug":"convivialite","status":"publish","type":"page","link":"http:\/\/arc-sa.ch\/?page_id=326","title":{"rendered":"\u00e9v\u00e9nements"},"content":{"rendered":"<h3><span style=\"color: #003366;\"><strong>Actuellement\u00a0<\/strong><strong>dans notre Galerie d&rsquo;art :\u00a0<\/strong><strong>Exposition <a href=\"http:\/\/arc-sa.ch\/?page_id=734\">VASARELY<\/a><\/strong><\/span><\/h3>\n<h3><strong><span style=\"color: #003366;\">Espace m\u00e9moire Forge 6<\/span> : <a href=\"https:\/\/www.canalalpha.ch\/play\/sans-rendez-vous\/episode\/31315\/un-espace-memoire-avec-julien-et-jean-pierre\"><span style=\"color: #008080;\">Un espace m\u00e9moire avec Julien et Jean-Pierre<\/span><\/a><\/strong><\/h3>\n<h3><\/h3>\n<h5><img loading=\"lazy\" decoding=\"async\" class=\"alignleft wp-image-528 size-medium\" src=\"http:\/\/arc-sa.ch\/wp-content\/uploads\/2016\/01\/GalerieSpirale-200x300.jpg\" alt=\"GalerieSpirale\" width=\"200\" height=\"300\" srcset=\"http:\/\/arc-sa.ch\/wp-content\/uploads\/2016\/01\/GalerieSpirale-200x300.jpg 200w, http:\/\/arc-sa.ch\/wp-content\/uploads\/2016\/01\/GalerieSpirale-768x1152.jpg 768w, http:\/\/arc-sa.ch\/wp-content\/uploads\/2016\/01\/GalerieSpirale-683x1024.jpg 683w\" sizes=\"auto, (max-width: 200px) 100vw, 200px\" \/><\/h5>\n<h3><strong><a href=\"https:\/\/www.facebook.com\/La-Spirale-Chaux-de-Fonds-232747350465690\"><img loading=\"lazy\" decoding=\"async\" class=\"wp-image-793 alignnone\" src=\"http:\/\/arc-sa.ch\/wp-content\/uploads\/2017\/04\/facebook.jpg\" alt=\"\" width=\"38\" height=\"38\" srcset=\"http:\/\/arc-sa.ch\/wp-content\/uploads\/2017\/04\/facebook.jpg 124w, http:\/\/arc-sa.ch\/wp-content\/uploads\/2017\/04\/facebook-71x71.jpg 71w, http:\/\/arc-sa.ch\/wp-content\/uploads\/2017\/04\/facebook-36x36.jpg 36w\" sizes=\"auto, (max-width: 38px) 100vw, 38px\" \/><\/a><\/strong><\/h3>\n<h3><strong>Un espace d\u00e9di\u00e9 \u00e0 l\u2019art.<\/strong><\/h3>\n","protected":false},"excerpt":{"rendered":"<p>Actuellement\u00a0dans notre Galerie d&rsquo;art :\u00a0Exposition VASARELY<br \/>\nEspace m\u00e9moire Forge 6 : Un espace m\u00e9moire avec Julien et Jean-Pierre<\/p>\n<p>Un espace d\u00e9di\u00e9 \u00e0 l\u2019art.<\/p>\n","protected":false},"author":1,"featured_media":0,"parent":0,"menu_order":0,"comment_status":"closed","ping_status":"closed","template":"","meta":{"footnotes":""},"class_list":["post-326","page","type-page","status-publish","hentry"],"_links":{"self":[{"href":"http:\/\/arc-sa.ch\/index.php?rest_route=\/wp\/v2\/pages\/326","targetHints":{"allow":["GET"]}}],"collection":[{"href":"http:\/\/arc-sa.ch\/index.php?rest_route=\/wp\/v2\/pages"}],"about":[{"href":"http:\/\/arc-sa.ch\/index.php?rest_route=\/wp\/v2\/types\/page"}],"author":[{"embeddable":true,"href":"http:\/\/arc-sa.ch\/index.php?rest_route=\/wp\/v2\/users\/1"}],"replies":[{"embeddable":true,"href":"http:\/\/arc-sa.ch\/index.php?rest_route=%2Fwp%2Fv2%2Fcomments&post=326"}],"version-history":[{"count":43,"href":"http:\/\/arc-sa.ch\/index.php?rest_route=\/wp\/v2\/pages\/326\/revisions"}],"predecessor-version":[{"id":948,"href":"http:\/\/arc-sa.ch\/index.php?rest_route=\/wp\/v2\/pages\/326\/revisions\/948"}],"wp:attachment":[{"href":"http:\/\/arc-sa.ch\/index.php?rest_route=%2Fwp%2Fv2%2Fmedia&parent=326"}],"curies":[{"name":"wp","href":"https:\/\/api.w.org\/{rel}","templated":true}]}}