{"id":331,"date":"2016-01-29T08:38:47","date_gmt":"2016-01-29T07:38:47","guid":{"rendered":"https:\/\/arc-sa.ch\/?page_id=331"},"modified":"2020-04-30T10:01:43","modified_gmt":"2020-04-30T08:01:43","slug":"contact","status":"publish","type":"page","link":"http:\/\/arc-sa.ch\/?page_id=331","title":{"rendered":"contact"},"content":{"rendered":"<h1><span style=\"color: #640f3c;\"><strong>Notre adresse :<\/strong><\/span><\/h1>\n<h4>aRc management SA<br \/>Rue du Progr\u00e8s 89<br \/>2300 La Chaux-de-Fonds<\/h4>\n<h4><span class=\"contact-telephone\">T\u00e9l\u00e9phone : +41 32 967 87 47<br \/><\/span><span class=\"contact-fax\">Fax : +41 32 967 87 57<\/span><\/h4>\n<h4>E-mail : info@arc-sa.ch<\/h4>\n<h1><span style=\"color: #640f3c;\"><strong>Pour nous contacter :<\/strong><\/span><\/h1>\n<h4><strong><\/p>\n<form method=\"post\" id=\"cntctfrm_contact_form\" class=\"cntctfrm_contact_form cntctfrm_one_column cntctfrm_ltr cntctfrm_width_default\" action=\"\/index.php?rest_route=%2Fwp%2Fv2%2Fpages%2F331#cntctfrm_contact_form\" enctype=\"multipart\/form-data\">\n<div id=\"cntctfrm_first_column\" class=\"cntctfrm_column\">\n<div class=\"cntctfrm_field_wrap cntctfrm_field_name_wrap\"namecontact>\n<div class=\"cntctfrm_label cntctfrm_label_name\">\n\t\t\t\t\t\t\t\t\t<label for=\"cntctfrm_contact_name\">Nom: <span class=\"required\">*<\/span><\/label><\/div>\n<div class=\"cntctfrm_input cntctfrm_input_name\">\n\t\t\t\t\t\t\t\t\t<input namecontact class=\"text\" type=\"text\" size=\"40\" pattern=\"^([\\p{L}\\p{M}]{2,}(\\s)*(\\p{L}+\\p{M}*-*){1,})|([\\p{L}\\p{M}]{3,})\" title=\"Veuillez saisir uniquement des lettres d'au moins 3 caract\u00e8res, les mots \u00e9tant s\u00e9par\u00e9s par des espaces\" value=\"\" name=\"cntctfrm_contact_name\" id=\"cntctfrm_contact_name\" \/><\/div>\n<\/div>\n<div class=\"cntctfrm_field_wrap cntctfrm_field_email_wrap\"email>\n<div class=\"cntctfrm_label cntctfrm_label_email\">\n\t\t\t\t\t\t\t\t\t<label for=\"cntctfrm_contact_email\">Adresse e-mail: <span class=\"required\">*<\/span><\/label>\n\t\t\t\t\t\t\t\t<\/div>\n<div class=\"cntctfrm_input cntctfrm_input_email\">\n\t\t\t\t\t\t\t\t\t<input email class=\"text\" type=\"email\" size=\"40\" value=\"\" name=\"cntctfrm_contact_email\" id=\"cntctfrm_contact_email\" \/><\/div>\n<\/div>\n<div class=\"cntctfrm_field_wrap cntctfrm_field_subject_wrap\"subject>\n<div class=\"cntctfrm_label cntctfrm_label_subject\">\n\t\t\t\t\t\t\t\t\t<label for=\"cntctfrm_contact_subject\">Sujet: <span class=\"required\">*<\/span><\/label>\n\t\t\t\t\t\t\t\t<\/div>\n<div class=\"cntctfrm_input cntctfrm_input_subject\">\n\t\t\t\t\t\t\t\t<input subject pattern=\"^\\p{L}{1,}([\\p{L}\\s]){2,}\" title=\"Please enter only letters at least 3 characters, words seperated by spaces\" class=\"text\" type=\"text\" size=\"40\" value=\"\" name=\"cntctfrm_contact_subject\" id=\"cntctfrm_contact_subject\" \/><\/div>\n<\/div>\n<div class=\"cntctfrm_field_wrap cntctfrm_field_message_wrap\"message>\n<div class=\"cntctfrm_label cntctfrm_label_message\">\n\t\t\t\t\t\t\t\t<label for=\"cntctfrm_contact_message\">Message: <span class=\"required\">*<\/span><\/label>\n\t\t\t\t\t\t\t<\/div>\n<div class=\"cntctfrm_input cntctfrm_input_message\">\n\t\t\t\t\t\t\t\t<textarea message rows=\"5\" cols=\"30\"name=\"cntctfrm_contact_message\" id=\"cntctfrm_contact_message\"><\/textarea><\/div>\n<\/div>\n<div class=\"cntctfrm_field_wrap cntctfrm_field_captcha_wrap\">\n<div class=\"cntctfrm_label cntctfrm_label_captcha\">\n\t\t\t\t\t\t\t\t\t\t\t<label><\/label>\n\t\t\t\t\t\t\t\t\t\t<\/div>\n<div class=\"cntctfrm_input cntctfrm_input_captcha\">\n<div class=\"gglcptch gglcptch_v2\">\n<div id=\"gglcptch_recaptcha_1913287588\" class=\"gglcptch_recaptcha\"><\/div>\n<p>\t\t\t\t<noscript><\/p>\n<div style=\"width: 302px;\">\n<div style=\"width: 302px; height: 422px; position: relative;\">\n<div style=\"width: 302px; height: 422px; position: absolute;\">\n\t\t\t\t\t\t\t\t<iframe src=\"https:\/\/www.google.com\/recaptcha\/api\/fallback?k=6LfLYfAUAAAAANuQh6tvjTrwHMVAoN2lispJceNw\" frameborder=\"0\" scrolling=\"no\" style=\"width: 302px; height:422px; border-style: none;\"><\/iframe>\n\t\t\t\t\t\t\t<\/div>\n<\/p><\/div>\n<div style=\"border-style: none; bottom: 12px; left: 25px; margin: 0px; padding: 0px; right: 25px; background: #f9f9f9; border: 1px solid #c1c1c1; border-radius: 3px; height: 60px; width: 300px;\">\n\t\t\t\t\t\t\t<input type=\"hidden\" id=\"g-recaptcha-response\" name=\"g-recaptcha-response\" class=\"g-recaptcha-response\" style=\"width: 250px !important; height: 40px !important; border: 1px solid #c1c1c1 !important; margin: 10px 25px !important; padding: 0px !important; resize: none !important;\">\n\t\t\t\t\t\t<\/div>\n<\/p><\/div>\n<p>\t\t\t\t<\/noscript><\/div>\n<\/div>\n<\/div>\n<\/div>\n<div class=\"clear\"><\/div>\n<div class=\"cntctfrm_submit_wrap\">\n<div id=\"cntctfrm_submit_first_column\" class=\"cntctfrm_column\">\n<div class=\"cntctfrm_input cntctfrm_input_submit\"><input type=\"hidden\" value=\"send\" name=\"cntctfrm_contact_action\"><br \/>\n\t\t\t\t\t\t\t<input type=\"hidden\" value=\"default\" name=\"cntctfrm_language\"><br \/>\n\t\t\t\t\t\t\t<input type=\"hidden\" value=\"1\" name=\"cntctfrm_form_submited\"><br \/>\n\t\t\t\t\t\t\t<input type=\"hidden\" value=\"cntctfrm_options\" name=\"cntctfrm_options_name\"><br \/>\n\t\t\t\t\t\t\t<input type=\"submit\" value=\"Envoyer\" class=\"cntctfrm_contact_submit\" id=\"1\" \/>\n\t\t\t\t\t\t<\/div>\n<\/div>\n<div id=\"cntctfrm_submit_second_column\" class=\"cntctfrm_column\"><\/div>\n<div class=\"clear\"><\/div>\n<\/p><\/div>\n<\/p><\/form>\n<p><\/strong><\/h4>\n<pre class=\"wp-block-preformatted\"><iframe loading=\"lazy\" src=\"https:\/\/www.google.com\/maps\/embed?pb=!1m18!1m12!1m3!1d2715.849409448024!2d6.820152742679945!3d47.10202275861741!2m3!1f0!2f0!3f0!3m2!1i1024!2i768!4f13.1!3m3!1m2!1s0x478dfb39aa6ab3a7%3A0xe6b27aae0368b440!2saRc%20management%20S.A.!5e0!3m2!1sfr!2sch!4v1588232729789!5m2!1sfr!2sch\" width=\"600\" height=\"450\" frameborder=\"0\" style=\"border:0;\" allowfullscreen=\"\" aria-hidden=\"false\" tabindex=\"0\"><\/iframe><\/pre>\n","protected":false},"excerpt":{"rendered":"<p>Notre adresse :<br \/>\naRc management SARue du Progr\u00e8s 892300 La Chaux-de-Fonds<br \/>\nT\u00e9l\u00e9phone : +41 32 967 87 47Fax : +41 32 967 87 57<br \/>\nE-mail : info@arc-sa.ch<br \/>\nPour nous contacter :<\/p>\n<p><\/p>\n","protected":false},"author":1,"featured_media":0,"parent":0,"menu_order":0,"comment_status":"closed","ping_status":"closed","template":"","meta":{"footnotes":""},"class_list":["post-331","page","type-page","status-publish","hentry"],"_links":{"self":[{"href":"http:\/\/arc-sa.ch\/index.php?rest_route=\/wp\/v2\/pages\/331","targetHints":{"allow":["GET"]}}],"collection":[{"href":"http:\/\/arc-sa.ch\/index.php?rest_route=\/wp\/v2\/pages"}],"about":[{"href":"http:\/\/arc-sa.ch\/index.php?rest_route=\/wp\/v2\/types\/page"}],"author":[{"embeddable":true,"href":"http:\/\/arc-sa.ch\/index.php?rest_route=\/wp\/v2\/users\/1"}],"replies":[{"embeddable":true,"href":"http:\/\/arc-sa.ch\/index.php?rest_route=%2Fwp%2Fv2%2Fcomments&post=331"}],"version-history":[{"count":41,"href":"http:\/\/arc-sa.ch\/index.php?rest_route=\/wp\/v2\/pages\/331\/revisions"}],"predecessor-version":[{"id":935,"href":"http:\/\/arc-sa.ch\/index.php?rest_route=\/wp\/v2\/pages\/331\/revisions\/935"}],"wp:attachment":[{"href":"http:\/\/arc-sa.ch\/index.php?rest_route=%2Fwp%2Fv2%2Fmedia&parent=331"}],"curies":[{"name":"wp","href":"https:\/\/api.w.org\/{rel}","templated":true}]}}