{"id":676,"date":"2016-06-01T16:14:49","date_gmt":"2016-06-01T14:14:49","guid":{"rendered":"http:\/\/arc-sa.ch\/?page_id=676"},"modified":"2023-10-02T11:54:14","modified_gmt":"2023-10-02T09:54:14","slug":"degustation","status":"publish","type":"page","link":"http:\/\/arc-sa.ch\/?page_id=676","title":{"rendered":"d\u00e9gustations"},"content":{"rendered":"<p>C\u2019est avec un grand plaisir que nous vous convions \u00e0 espace m\u00e9moire, Forge 6 \u00e0 Ch\u00e9zard-Saint-Martin pour une d\u00e9gustation dont la prochaine date n&rsquo;est pas encore fix\u00e9e.<\/p>\n<p>Pour de plus amples renseignements , merci de prendre contact via info@arc-sa.ch ou au 032 967 87 47 le matin.<\/p>\n<h2 style=\"text-align: center;\"><span style=\"color: #000080;\">\u00a0<\/span><\/h2>\n<h3><\/h3>\n<h4><\/h4>\n","protected":false},"excerpt":{"rendered":"<p>C\u2019est avec un grand plaisir que nous vous convions \u00e0 espace m\u00e9moire, Forge 6 \u00e0 Ch\u00e9zard-Saint-Martin pour une d\u00e9gustation dont la prochaine date n&rsquo;est pas encore fix\u00e9e.<br \/>\nPour de plus amples renseignements , merci de prendre contact via info@arc-sa.ch ou au 032 967 87 47 le matin.<br \/>\n\u00a0<\/p>\n<p><\/p>\n","protected":false},"author":1,"featured_media":0,"parent":0,"menu_order":0,"comment_status":"closed","ping_status":"closed","template":"","meta":{"footnotes":""},"class_list":["post-676","page","type-page","status-publish","hentry"],"_links":{"self":[{"href":"http:\/\/arc-sa.ch\/index.php?rest_route=\/wp\/v2\/pages\/676","targetHints":{"allow":["GET"]}}],"collection":[{"href":"http:\/\/arc-sa.ch\/index.php?rest_route=\/wp\/v2\/pages"}],"about":[{"href":"http:\/\/arc-sa.ch\/index.php?rest_route=\/wp\/v2\/types\/page"}],"author":[{"embeddable":true,"href":"http:\/\/arc-sa.ch\/index.php?rest_route=\/wp\/v2\/users\/1"}],"replies":[{"embeddable":true,"href":"http:\/\/arc-sa.ch\/index.php?rest_route=%2Fwp%2Fv2%2Fcomments&post=676"}],"version-history":[{"count":22,"href":"http:\/\/arc-sa.ch\/index.php?rest_route=\/wp\/v2\/pages\/676\/revisions"}],"predecessor-version":[{"id":947,"href":"http:\/\/arc-sa.ch\/index.php?rest_route=\/wp\/v2\/pages\/676\/revisions\/947"}],"wp:attachment":[{"href":"http:\/\/arc-sa.ch\/index.php?rest_route=%2Fwp%2Fv2%2Fmedia&parent=676"}],"curies":[{"name":"wp","href":"https:\/\/api.w.org\/{rel}","templated":true}]}}