{"id":314,"date":"2016-01-21T16:26:34","date_gmt":"2016-01-21T15:26:34","guid":{"rendered":"https:\/\/arc-sa.ch\/?page_id=314"},"modified":"2020-02-28T09:02:41","modified_gmt":"2020-02-28T08:02:41","slug":"reprise-vente","status":"publish","type":"page","link":"https:\/\/arc-sa.ch\/?page_id=314","title":{"rendered":"reprise &#8211; vente"},"content":{"rendered":"<h1><span style=\"color: #640f3c;\"><strong>Vente et reprise <\/strong><\/span><\/h1>\n<ul>\n<li>\n<h4>Pr\u00e9parer une strat\u00e9gie de transition<\/h4>\n<\/li>\n<li>\n<h4>Saisir les bonnes opportunit\u00e9s<\/h4>\n<\/li>\n<li>\n<h4>Valoriser le fruit de son travail<\/h4>\n<\/li>\n<\/ul>\n<h4>Une sortie en beaut\u00e9 est toujours un signe d\u2019intelligence \u2026 mais elle se pr\u00e9pare et se r\u00e9fl\u00e9chit depuis le commencement\u00a0!<\/h4>\n<h4><\/h4>\n","protected":false},"excerpt":{"rendered":"<p>Vente et reprise <\/p>\n<p>\nPr\u00e9parer une strat\u00e9gie de transition<\/p>\n<p>\nSaisir les bonnes opportunit\u00e9s<\/p>\n<p>\nValoriser le fruit de son travail<\/p>\n<p>\nUne sortie en beaut\u00e9 est toujours un signe d\u2019intelligence \u2026 mais elle se pr\u00e9pare et se r\u00e9fl\u00e9chit depuis le commencement\u00a0!<\/p>\n","protected":false},"author":1,"featured_media":0,"parent":0,"menu_order":0,"comment_status":"closed","ping_status":"closed","template":"","meta":{"footnotes":""},"class_list":["post-314","page","type-page","status-publish","hentry"],"_links":{"self":[{"href":"https:\/\/arc-sa.ch\/index.php?rest_route=\/wp\/v2\/pages\/314","targetHints":{"allow":["GET"]}}],"collection":[{"href":"https:\/\/arc-sa.ch\/index.php?rest_route=\/wp\/v2\/pages"}],"about":[{"href":"https:\/\/arc-sa.ch\/index.php?rest_route=\/wp\/v2\/types\/page"}],"author":[{"embeddable":true,"href":"https:\/\/arc-sa.ch\/index.php?rest_route=\/wp\/v2\/users\/1"}],"replies":[{"embeddable":true,"href":"https:\/\/arc-sa.ch\/index.php?rest_route=%2Fwp%2Fv2%2Fcomments&post=314"}],"version-history":[{"count":3,"href":"https:\/\/arc-sa.ch\/index.php?rest_route=\/wp\/v2\/pages\/314\/revisions"}],"predecessor-version":[{"id":919,"href":"https:\/\/arc-sa.ch\/index.php?rest_route=\/wp\/v2\/pages\/314\/revisions\/919"}],"wp:attachment":[{"href":"https:\/\/arc-sa.ch\/index.php?rest_route=%2Fwp%2Fv2%2Fmedia&parent=314"}],"curies":[{"name":"wp","href":"https:\/\/api.w.org\/{rel}","templated":true}]}}